{"id":595,"date":"2021-10-26T15:15:19","date_gmt":"2021-10-26T18:15:19","guid":{"rendered":"https:\/\/ojalvosa.com.ar\/web\/?post_type=product&#038;p=595"},"modified":"2021-10-29T14:17:01","modified_gmt":"2021-10-29T17:17:01","slug":"baterias-calefactoras-kjeldahl-twisselman-digestion-destilacion","status":"publish","type":"product","link":"https:\/\/ojalvosa.com.ar\/web\/product\/baterias-calefactoras-kjeldahl-twisselman-digestion-destilacion\/","title":{"rendered":"BATER\u00cdAS CALEFACTORAS (KJELDAHL, TWISSELMAN, DIGESTI\u00d3N, DESTILACI\u00d3N)"},"content":{"rendered":"<p><strong>Aplicaciones<\/strong><\/p>\n<p>KJELDAHL (destilaci\u00f3n, digesti\u00f3n), extracciones SOXLET, TXISSELMAN y otros.<\/p>\n<p><strong>Caracter\u00edsticas<\/strong><\/p>\n<ul>\n<li>Regulaci\u00f3n t\u00e9rmica individual<\/li>\n<li>Indicadores luminosos.<\/li>\n<li>Calefactores de Kanthal cementados de f\u00e1cil reposici\u00f3n.<\/li>\n<li>Provisto de: soportes para colocar material de vidrio.<\/li>\n<li>Tensi\u00f3n 220v\/50hz.<\/li>\n<\/ul>\n<p><strong>Modelos y medidas<\/strong><\/p>\n<ul>\n<li><strong>BE2:<\/strong> 20,5 x 32 x 23,5 cm\u00a0 &#8211; Alto x Ancho x Profundidad<\/li>\n<li><strong>BE4:<\/strong> 20,5 x 60 x 23,5 cm\u00a0 &#8211; Alto x Ancho x Profundidad<\/li>\n<li><strong>BE6:<\/strong> 20,5 x 90 x 23,5 cm\u00a0 &#8211; Alto x Ancho x Profundidad<\/li>\n<\/ul>\n<p><strong><u>Detalle constructivo<\/u><\/strong><\/p>\n<p><strong>Base: <\/strong><br \/>\nBase de acero inoxidable 430<\/p>\n<p><strong>Superficie de calentamiento: <\/strong><br \/>\nFormado por Bater\u00eda de 2, 4 o 6 Calentadores con asientos c\u00f3nicos de cer\u00e1mica de 100 a 800 ml.<\/p>\n<p>&nbsp;<\/p>\n","protected":false},"excerpt":{"rendered":"<ul>\n<li>Regulaci\u00f3n t\u00e9rmica individual<\/li>\n<li>Indicadores luminosos.<\/li>\n<li>Calefactores de Kanthal cementados de f\u00e1cil reposici\u00f3n.<\/li>\n<li>Provisto de: soportes para colocar material de vidrio.<\/li>\n<li>Tensi\u00f3n 220v\/50hz.<\/li>\n<\/ul>\n","protected":false},"featured_media":594,"template":"","meta":[],"product_brand":[],"product_cat":[24],"product_tag":[],"class_list":{"0":"post-595","1":"product","2":"type-product","3":"status-publish","4":"has-post-thumbnail","6":"product_cat-baterias-calefactoras","8":"first","9":"instock","10":"shipping-taxable","11":"product-type-simple"},"_links":{"self":[{"href":"https:\/\/ojalvosa.com.ar\/web\/wp-json\/wp\/v2\/product\/595","targetHints":{"allow":["GET"]}}],"collection":[{"href":"https:\/\/ojalvosa.com.ar\/web\/wp-json\/wp\/v2\/product"}],"about":[{"href":"https:\/\/ojalvosa.com.ar\/web\/wp-json\/wp\/v2\/types\/product"}],"wp:featuredmedia":[{"embeddable":true,"href":"https:\/\/ojalvosa.com.ar\/web\/wp-json\/wp\/v2\/media\/594"}],"wp:attachment":[{"href":"https:\/\/ojalvosa.com.ar\/web\/wp-json\/wp\/v2\/media?parent=595"}],"wp:term":[{"taxonomy":"product_brand","embeddable":true,"href":"https:\/\/ojalvosa.com.ar\/web\/wp-json\/wp\/v2\/product_brand?post=595"},{"taxonomy":"product_cat","embeddable":true,"href":"https:\/\/ojalvosa.com.ar\/web\/wp-json\/wp\/v2\/product_cat?post=595"},{"taxonomy":"product_tag","embeddable":true,"href":"https:\/\/ojalvosa.com.ar\/web\/wp-json\/wp\/v2\/product_tag?post=595"}],"curies":[{"name":"wp","href":"https:\/\/api.w.org\/{rel}","templated":true}]}}