{"id":585,"date":"2021-10-26T14:35:17","date_gmt":"2021-10-26T17:35:17","guid":{"rendered":"https:\/\/ojalvosa.com.ar\/web\/?post_type=product&#038;p=585"},"modified":"2021-11-04T14:02:36","modified_gmt":"2021-11-04T17:02:36","slug":"inter-pc25i-pc50i-ba25i-ba50i","status":"publish","type":"product","link":"https:\/\/ojalvosa.com.ar\/web\/product\/inter-pc25i-pc50i-ba25i-ba50i\/","title":{"rendered":"INTER \u2013 PC25I\/PC50I \u2013 BA25I\/BA50I"},"content":{"rendered":"<table border=\"0\" width=\"100%\" cellpadding=\"0\">\n<tbody>\n<tr>\n<th scope=\"col\" align=\"left\" width=\"50%\">\n<h3><strong>INTER \u2013 PC25I\/PC50I \u2013 BA25I\/BA50I<\/strong><\/h3>\n<\/th>\n<th scope=\"col\" align=\"left\" width=\"50%\"><a rel=\"noopener noreferrer\" href=\"https:\/\/ojalvosa.com.ar\/web\/wp-content\/uploads\/2021\/11\/PLANCHA-CALEFACTORA-Y-BANOS-DE-ARENA-INTER.pdf\" target=\"_blank\" class=\"button secondary is-secondary is-medium\"  >\n    <span>Descargar Cat\u00e1logo<\/span>\n  <\/a>\n<\/th>\n<\/tr>\n<\/tbody>\n<\/table>\n<ul>\n<li>Rangos de temperaturas desde ambiente hasta 300\u00b0 C.<\/li>\n<li>Termorregulador Electr\u00f3nico Digital.<\/li>\n<li>Precisi\u00f3n +\/- 0.5 \u00b0 C en el sensor. Estimada 1.5 del valor final de T\u00ba.<\/li>\n<li>Interruptor de corte de funcionamiento.<\/li>\n<li>Indicador lum\u00ednico de funcionamiento.<\/li>\n<\/ul>\n<p><strong>Aplicaciones<\/strong><\/p>\n<p>Indicados b\u00e1sicamente para el calentamiento de distintos materiales en operaciones de secado, evaporaci\u00f3n y otras que requieran de calentamiento suave, uniforme y controlado.<\/p>\n<p><strong>Funcionalidad<\/strong><\/p>\n<p>Se trata de equipos con una cubierta resistente a altas temperaturas, con borde de fuga de refuerzo y contra plancha de acero disparadora de calor. El rango de temperatura de trabajo es mayor, alcanzando normalmente los 300 grados cent\u00edgrados de temperatura m\u00e1xima utilizada.<\/p>\n<p><strong><u>Medidas disponibles<\/u><\/strong><\/p>\n<ul>\n<li>25 x 25 cm.<\/li>\n<li>25 x 50 cm.<\/li>\n<\/ul>\n<p>&nbsp;<\/p>\n<table border=\"0\" width=\"100%\" cellpadding=\"0\">\n<tbody>\n<tr>\n<th style=\"padding: 10px;\" colspan=\"2\" scope=\"col\" align=\"left\" bgcolor=\"#114174\"><strong style=\"color: #fff;\">CARACTER\u00cdSTICAS T\u00c9CNICAS SEG\u00daN TAMA\u00d1O<\/strong><\/th>\n<\/tr>\n<tr>\n<td style=\"padding: 10px;\"><strong>PC25I-BA25I<\/strong><\/p>\n<ul>\n<li>Medidas \u00datiles: 25 x 25 &#8211; Largo x Ancho<\/li>\n<li>Medidas Externas: 22.50 x 25 x 27.50 cm \u2013 Alto x Ancho x Profundidad.<\/li>\n<li>Peso: 3 Kg.<\/li>\n<li>Potencia: 1500 W<\/li>\n<\/ul>\n<\/td>\n<td style=\"padding: 10px;\"><strong>PC50I-BA50I<\/strong><\/p>\n<ul>\n<li>Medidas \u00datiles: 25 x 25 &#8211; Largo x Ancho<\/li>\n<li>Medidas Externas: 22.50 x 25 x 27.50 cm \u2013 Alto x Ancho x Profundidad<\/li>\n<li>Peso: 3 Kg.<\/li>\n<li>Potencia: 1800 W<\/li>\n<\/ul>\n<\/td>\n<\/tr>\n<\/tbody>\n<\/table>\n<p><strong>Gabinete Externo<\/strong><\/p>\n<p>Gabinete externo de acero inoxidable AISI 430<\/p>\n<p><strong>Superficie de calentamiento<\/strong><\/p>\n<p>Plato de aluminio con recipiente donde se aloja la resistencia el\u00e9ctrica en acero inoxidable AISI 304.<\/p>\n<p><strong>Sistema conformado por:<\/strong><\/p>\n<ul>\n<li>Resistencia cementada en material refractario<\/li>\n<li>Aislamiento de lana de mineral de alta densidad<\/li>\n<li>Sistema el\u00e9ctrico bajo normas IRAM con ficha con descarga a tierra.<\/li>\n<\/ul>\n<p>El\u00a0<strong>Sistema el\u00e9ctrico<\/strong> cumple con los est\u00e1ndares exigidos por las normas IEC 60335 e IRAM 2092.<\/p>\n<p><strong>Elementos calefactores\u00a0<\/strong>y resistencias cementadas en material refractario que permiten obtener una distribuci\u00f3n uniforme de la temperatura y una r\u00e1pida estabilizaci\u00f3n.<\/p>\n","protected":false},"excerpt":{"rendered":"<ul>\n<li>Rangos de temperaturas desde ambiente hasta 300\u00b0 C.<\/li>\n<li>Termorregulador Electr\u00f3nico Digital.<\/li>\n<li>Precisi\u00f3n +\/- 0.5 \u00b0 C en el sensor. Estimada 1.5 del valor final de T\u00ba.<\/li>\n<li>Interruptor de corte de funcionamiento.<\/li>\n<li>Indicador lum\u00ednico de funcionamiento.<\/li>\n<\/ul>\n","protected":false},"featured_media":589,"template":"","meta":[],"product_brand":[],"product_cat":[23],"product_tag":[],"class_list":{"0":"post-585","1":"product","2":"type-product","3":"status-publish","4":"has-post-thumbnail","6":"product_cat-planchas-calefactoras-y-banos-de-arena","8":"first","9":"instock","10":"shipping-taxable","11":"product-type-simple"},"_links":{"self":[{"href":"https:\/\/ojalvosa.com.ar\/web\/wp-json\/wp\/v2\/product\/585","targetHints":{"allow":["GET"]}}],"collection":[{"href":"https:\/\/ojalvosa.com.ar\/web\/wp-json\/wp\/v2\/product"}],"about":[{"href":"https:\/\/ojalvosa.com.ar\/web\/wp-json\/wp\/v2\/types\/product"}],"wp:featuredmedia":[{"embeddable":true,"href":"https:\/\/ojalvosa.com.ar\/web\/wp-json\/wp\/v2\/media\/589"}],"wp:attachment":[{"href":"https:\/\/ojalvosa.com.ar\/web\/wp-json\/wp\/v2\/media?parent=585"}],"wp:term":[{"taxonomy":"product_brand","embeddable":true,"href":"https:\/\/ojalvosa.com.ar\/web\/wp-json\/wp\/v2\/product_brand?post=585"},{"taxonomy":"product_cat","embeddable":true,"href":"https:\/\/ojalvosa.com.ar\/web\/wp-json\/wp\/v2\/product_cat?post=585"},{"taxonomy":"product_tag","embeddable":true,"href":"https:\/\/ojalvosa.com.ar\/web\/wp-json\/wp\/v2\/product_tag?post=585"}],"curies":[{"name":"wp","href":"https:\/\/api.w.org\/{rel}","templated":true}]}}