{"id":572,"date":"2021-10-26T13:59:03","date_gmt":"2021-10-26T16:59:03","guid":{"rendered":"https:\/\/ojalvosa.com.ar\/web\/?post_type=product&#038;p=572"},"modified":"2021-11-04T14:31:43","modified_gmt":"2021-11-04T17:31:43","slug":"basic-btmb-btmb-a-con-agitacion","status":"publish","type":"product","link":"https:\/\/ojalvosa.com.ar\/web\/product\/basic-btmb-btmb-a-con-agitacion\/","title":{"rendered":"BASIC \u2013 BTMB\/BTMB-A (con agitaci\u00f3n)"},"content":{"rendered":"<table border=\"0\" width=\"100%\" cellpadding=\"0\">\n<tbody>\n<tr>\n<th scope=\"col\" align=\"left\" width=\"50%\">\n<h3><strong>BASIC \u2013 BTMB\/BTMB-A (con agitaci\u00f3n)<\/strong><\/h3>\n<\/th>\n<th scope=\"col\" align=\"left\" width=\"50%\"><a rel=\"noopener noreferrer\" href=\"https:\/\/ojalvosa.com.ar\/web\/wp-content\/uploads\/2021\/11\/PLANCHA-CALEFACTORA-Y-BANOS-DE-ARENA-BASIC.pdf\" target=\"_blank\" class=\"button secondary is-secondary is-medium\"  >\n    <span>Descargar Cat\u00e1logo<\/span>\n  <\/a>\n<\/th>\n<\/tr>\n<\/tbody>\n<\/table>\n<ul>\n<li>Rangos de temperaturas desde ambiente hasta 100\u00b0 C con agua, o superiores con aceite. (*) La temperatura m\u00e1xima se alcanza con el accesorio \u201cTapa a dos aguas\u201d colocado, caso contrario dependiendo de las condiciones de externas (temperatura y presi\u00f3n atmosf\u00e9rica).<\/li>\n<li>Termorregulador Hidr\u00e1ulico.<\/li>\n<li>Precisi\u00f3n +\/- 1\u00b0 C en el sensor. Estimada 1.5 del valor final de T\u00ba.<\/li>\n<li>Capacidad: 12 Litros.<\/li>\n<li>Interruptor de corte de funcionamiento.<\/li>\n<li>Indicador lum\u00ednico de funcionamiento.<\/li>\n<li>Incluye porta gradillas a elecci\u00f3n: (a) 16, 20, 22,5 y 30 mm \u00f3 (b) 13, 16, 20 y 22,5 mm.<\/li>\n<\/ul>\n<p><strong>Aplicaciones<\/strong><\/p>\n<p>Indicado especialmente para usos en industrias l\u00e1cteas, estudios de suelo, trabajos de inactivaci\u00f3n, serolog\u00eda, khan, coagulaci\u00f3n, entre otros.<\/p>\n<p><strong>Funcionalidad<\/strong><\/p>\n<p>En m\u00faltiple en ba\u00f1os de agua o aceite (Multiuso)<\/p>\n<p>Con la colocaci\u00f3n de la gradilla porta tubos de ensayo se pueden colocar tubos de diferentes di\u00e1metros previstos en la gradilla (las gradillas est\u00e1n disponibles en dos conjuntos de medidas 16, 20, 22,5 y 30 mm \u2013 13, 16, 20 y 22,5 mm). Retirando la misma y colocando la tapa con dos agujeros (de 120 mm de di\u00e1metro) y sus correspondientes aros conc\u00e9ntricos (quedando di\u00e1metros de 104; 84; 64mm respectivamente), se transforma en un ba\u00f1o mar\u00eda. Por \u00faltimo, colocando un sobre piso cribado como falso fondo se pueden sumergir diferentes tipos de recipientes (frascos de sangre, Erlenmeyer, probetas, etc.).<\/p>\n<p><strong>Gabinete Externo<\/strong><\/p>\n<p>Gabinete externo de acero inoxidable AISI 430. Recipiente interior de acero inoxidable AISI 304. Elemento calefactor y caja de controles f\u00e1cilmente desmontable, dos tornillos fijan la caja de los controles desde donde parten los elementos calefactores, lo que permite r\u00e1pidamente desarmarlo.<\/p>\n<p><strong>C\u00e1mara Interna<\/strong><\/p>\n<p>Recipiente interior de acero inoxidable AISI 304, estampada en un solo cuerpo, sin pliegues, dobleces, ni soldaduras, sin p\u00e9rdidas, ni filtraciones de l\u00edquidos. Las esquinas curvas del recipiente interior permiten una f\u00e1cil y profunda limpieza, lo que asegura el mantenimiento y alarga la vida \u00fatil del equipo, transform\u00e1ndolo por sus caracter\u00edsticas en un ba\u00f1o \u00abpara siempre\u00bb.<\/p>\n<p><strong>Sistema conformado por:<\/strong><\/p>\n<ul>\n<li>Resistencias de inmersi\u00f3n blindadas en Acero Inoxidable<\/li>\n<li>Aislamiento de lana de mineral de alta densidad<\/li>\n<li>Sistema el\u00e9ctrico bajo normas IRAM con ficha con descarga a tierra.<\/li>\n<\/ul>\n<p>El\u00a0<strong>Sistema el\u00e9ctrico<\/strong>\u00a0cumple con los est\u00e1ndares exigidos por las normas IEC 60335 e IRAM 2092<\/p>\n<p><strong>Elementos calefactores\u00a0<\/strong>blindados en Acero Inoxidable montados al aire en c\u00e1mara independiente que permiten obtener una distribuci\u00f3n uniforme de la temperatura y una r\u00e1pida estabilizaci\u00f3n.<\/p>\n<p><strong>Caracter\u00edsticas T\u00e9cnicas<\/strong><\/p>\n<ul>\n<li>Medidas Internas: 13 x 23.5 x 34 cm &#8211; Alto x Ancho x Profundidad<\/li>\n<li>Medidas Externas: 25.50 x 32.50 x 50.50 cm \u2013 Alto x Ancho x Profundidad<\/li>\n<li>Capacidad: 12 Lts.<\/li>\n<li>Peso: 5 Kg.<\/li>\n<li>Potencia: 1000 W<\/li>\n<\/ul>\n<p><strong>Datos Adicionales<\/strong><\/p>\n<p>(a) para 8 tubos de 16 mm de di\u00e1metro. 9 tubos de 20 mm de di\u00e1metro. 16 tubos de 22,5 mm de di\u00e1metro y 26 tubos de 30 mm de di\u00e1metro.<br \/>\n(b) para 15 tubos de 13 mm de di\u00e1metro. 15 tubos de 16 mm de di\u00e1metro. 23 tubos de 20 mm de di\u00e1metro y 39 tubos de 22,5 mm de di\u00e1metro.<\/p>\n<p><strong>Opcionales<\/strong><\/p>\n<p>Tapa a dos aguas, Piso Cribado, Sensor nivel de agua, y\/o Tapa y Juego de Aros Conc\u00e9ntricos.<\/p>\n","protected":false},"excerpt":{"rendered":"<ul>\n<li>Rangos de temperaturas desde ambiente hasta 100\u00b0 C con agua, o superiores con aceite. (*) La temperatura m\u00e1xima se alcanza con el accesorio \u201cTapa a dos aguas\u201d colocado, caso contrario dependiendo de las condiciones de externas (temperatura y presi\u00f3n atmosf\u00e9rica).<\/li>\n<li>Termorregulador Hidr\u00e1ulico.<\/li>\n<li>Precisi\u00f3n +\/- 1\u00b0 C en el sensor. Estimada 1.5 del valor final de T\u00ba.<\/li>\n<li>Capacidad: 12 Litros.<\/li>\n<li>Interruptor de corte de funcionamiento.<\/li>\n<li>Indicador lum\u00ednico de funcionamiento.<\/li>\n<li>Incluye porta gradillas a elecci\u00f3n: (a) 16, 20, 22,5 y 30 mm \u00f3 (b) 13, 16, 20 y 22,5 mm.<\/li>\n<\/ul>\n","protected":false},"featured_media":573,"template":"","meta":[],"product_brand":[],"product_cat":[22],"product_tag":[],"class_list":{"0":"post-572","1":"product","2":"type-product","3":"status-publish","4":"has-post-thumbnail","6":"product_cat-banos-termostaticos-multiuso","8":"first","9":"instock","10":"shipping-taxable","11":"product-type-simple"},"_links":{"self":[{"href":"https:\/\/ojalvosa.com.ar\/web\/wp-json\/wp\/v2\/product\/572","targetHints":{"allow":["GET"]}}],"collection":[{"href":"https:\/\/ojalvosa.com.ar\/web\/wp-json\/wp\/v2\/product"}],"about":[{"href":"https:\/\/ojalvosa.com.ar\/web\/wp-json\/wp\/v2\/types\/product"}],"wp:featuredmedia":[{"embeddable":true,"href":"https:\/\/ojalvosa.com.ar\/web\/wp-json\/wp\/v2\/media\/573"}],"wp:attachment":[{"href":"https:\/\/ojalvosa.com.ar\/web\/wp-json\/wp\/v2\/media?parent=572"}],"wp:term":[{"taxonomy":"product_brand","embeddable":true,"href":"https:\/\/ojalvosa.com.ar\/web\/wp-json\/wp\/v2\/product_brand?post=572"},{"taxonomy":"product_cat","embeddable":true,"href":"https:\/\/ojalvosa.com.ar\/web\/wp-json\/wp\/v2\/product_cat?post=572"},{"taxonomy":"product_tag","embeddable":true,"href":"https:\/\/ojalvosa.com.ar\/web\/wp-json\/wp\/v2\/product_tag?post=572"}],"curies":[{"name":"wp","href":"https:\/\/api.w.org\/{rel}","templated":true}]}}