{"id":398,"date":"2021-10-13T19:23:59","date_gmt":"2021-10-13T22:23:59","guid":{"rendered":"https:\/\/ojalvosa.com.ar\/web\/?post_type=product&#038;p=398"},"modified":"2021-11-04T15:34:31","modified_gmt":"2021-11-04T18:34:31","slug":"estufa-premium-sp343-sp464-sp575-sp797","status":"publish","type":"product","link":"https:\/\/ojalvosa.com.ar\/web\/product\/estufa-premium-sp343-sp464-sp575-sp797\/","title":{"rendered":"Estufa PREMIUM &#8211; SP343\/SP464\/SP575\/SP797"},"content":{"rendered":"<table border=\"0\" width=\"100%\" cellpadding=\"0\">\n<tbody>\n<tr>\n<th scope=\"col\" align=\"left\" width=\"60%\">\n<h3><strong>Estufa PREMIUM &#8211; SP343\/SP464\/SP575\/SP797<\/strong><\/h3>\n<\/th>\n<th scope=\"col\" align=\"left\" width=\"40%\"><a rel=\"noopener noreferrer\" href=\"https:\/\/ojalvosa.com.ar\/web\/wp-content\/uploads\/2021\/11\/ESTUFA-SECADO-ESTERILIZACION-MODELO-PREMIUM.pdf\" target=\"_blank\" class=\"button secondary is-secondary is-medium\"  >\n    <span>Descargar Cat\u00e1logo<\/span>\n  <\/a>\n<\/th>\n<\/tr>\n<\/tbody>\n<\/table>\n<p><strong>Aplicaciones<\/strong><\/p>\n<p>Indicados especialmente para ensayos, secado de todo tipo de materiales, esterilizaci\u00f3n especialmente para ensayos, secado de todo tipo de materiales, esterilizaci\u00f3n por calor seco, otros usos en laboratorios qu\u00edmicos.<\/p>\n<p><strong>Forma de Distribuci\u00f3n del calor: <\/strong>Convecci\u00f3n natural.<\/p>\n<p><strong>Caracter\u00edsticas T\u00e9cnicas<\/strong><\/p>\n<ul>\n<li>Rangos de temperaturas desde Temperatura Ambiente + 5\u00baC hasta 200\u00baC.<\/li>\n<li>Precisi\u00f3n +\/- 0.1\u00b0C.<\/li>\n<li>Indicadores lum\u00ednicos de funcionamiento.<\/li>\n<li>Interruptor de corte de funcionamiento.<\/li>\n<li>Puerta Simple Ciega (cierre con traba y burlete siliconado en el contramarco).<\/li>\n<li>Termorregulador Electr\u00f3nico Digital PID.<\/li>\n<li>Term\u00f3metro y Timer incorporado al termorregulador.<\/li>\n<li>Incluye Porta term\u00f3metro.<\/li>\n<\/ul>\n<p><strong>Opcionales<\/strong><\/p>\n<p>Estantes y\/o Regulador electr\u00f3nico digital PID con salida a PC (incluye software e interfase).<\/p>\n<table border=\"0\" width=\"100%\" cellpadding=\"0\">\n<tbody>\n<tr>\n<th style=\"padding: 10px;\" colspan=\"2\" scope=\"col\" align=\"left\" bgcolor=\"#114174\"><strong style=\"color: #fff;\">CARACTER\u00cdSTICAS T\u00c9CNICAS SEG\u00daN TAMA\u00d1O<\/strong><\/th>\n<\/tr>\n<tr>\n<td style=\"padding: 10px;\"><strong>SP343<\/strong><\/p>\n<ul>\n<li>Medidas Internas: 30 x 40 x 30 cm &#8211; Alto x Ancho x Profundidad<\/li>\n<li>Medidas Externas: 60 x 80 x 40 cm \u2013 Alto x Ancho x Profundidad<\/li>\n<li>Capacidad: 36 Lts.<\/li>\n<li>Capacidad de estantes: 4, incluye 2 tipo rejilla<\/li>\n<li>Peso: 43 Kg.<\/li>\n<li>Potencia: 900 W<\/li>\n<\/ul>\n<\/td>\n<td style=\"padding: 10px;\"><strong>SP464<\/strong><\/p>\n<ul>\n<li>Medidas Internas: 40 x 60 x 40 cm &#8211; Alto x Ancho x Profundidad<\/li>\n<li>Medidas Externas: 70 x 100 x 50 cm \u2013 Alto x Ancho x Profundidad<\/li>\n<li>Capacidad: 96 Lts.<\/li>\n<li>Capacidad de Estantes: 5, incluye 2 tipo rejilla<\/li>\n<li>Peso: 62 Kg.<\/li>\n<li>Potencia: 1300 W<\/li>\n<\/ul>\n<\/td>\n<\/tr>\n<tr>\n<td style=\"padding: 10px;\"><strong>SP575<\/strong><\/p>\n<ul>\n<li>Medidas Internas: 50 x 70 x 50 cm &#8211; Alto x Ancho x Profundidad<\/li>\n<li>Medidas Externas: 80 x 108 x 60 cm \u2013 Alto x Ancho x Profundidad<\/li>\n<li>Capacidad: 175 Lts.<\/li>\n<li>Capacidad de Estantes: 6, incluye 2 tipo rejilla<\/li>\n<li>Peso: 80 Kg.<\/li>\n<li>Potencia: 1600 W<\/li>\n<\/ul>\n<\/td>\n<td style=\"padding: 10px;\"><strong>SP797<\/strong><\/p>\n<ul>\n<li>Medidas Internas: 70 x 90 x 70 cm &#8211; Alto x Ancho x Profundidad<\/li>\n<li>Medidas Externas: 95 x 128 x 85 cm \u2013 Alto x Ancho x Profundidad<\/li>\n<li>Capacidad: 441 Lts.<\/li>\n<li>Capacidad de Estantes: 10, incluye 2 tipo rejilla<\/li>\n<li>Peso: 120 Kg.<\/li>\n<li>Potencia: 2200 W<\/li>\n<\/ul>\n<\/td>\n<\/tr>\n<\/tbody>\n<\/table>\n<p><strong>Gabinete Externo<\/strong><\/p>\n<p>Chapa Hierro Doble Decapado de importante espesor (muy s\u00f3lido) con tratamiento anticorrosivo y antioxidante, esmaltado con pintura poli\u00e9ster en polvo con resina antibacterial (Norma ISO 14001 de gesti\u00f3n ambiental).<br \/>\nGabinetes dotados con c\u00e1mara independiente, dimensionada para facilitar el montaje de todo tipo de instrumentos para la regulaci\u00f3n y control.<br \/>\nAdmisi\u00f3n de aire exterior regulable a trav\u00e9s de trampilla de ventilaci\u00f3n con conducto de salida.<\/p>\n<p><strong>C\u00e1mara Interna<\/strong><\/p>\n<p>Chapa acero inoxidable 18\/8 &#8211; AISI 430 de importante espesor (muy s\u00f3lido).<br \/>\n\u00danico, sistema de doble pared interior permite homogeneizar y estabilizar m\u00e1s r\u00e1pidamente la c\u00e1mara de trabajo por el precalentamiento del aire.<\/p>\n<p>Excelente\u00a0<strong>sistema de aislamiento\u00a0<\/strong>que permite lograr una \u00f3ptima relaci\u00f3n entre capacidad calor\u00edfica y consumo, limitando como ninguna otra la temperatura externa del equipo.<\/p>\n<p><strong>Sistema conformado por:<\/strong><\/p>\n<ul>\n<li>Lana mineral de alta densidad<\/li>\n<li>C\u00e1mara de aire<\/li>\n<li>Burlete siliconado con dispositivo flexible que aporta elasticidad en el ajuste de la contrapuerta.<\/li>\n<li>Puerta con traba permite el cierre herm\u00e9tico.<\/li>\n<\/ul>\n<p>El\u00a0<strong>Sistema el\u00e9ctrico<\/strong>\u00a0cumple con los est\u00e1ndares exigidos por las normas IEC 60335 e IRAM 2092<\/p>\n<p><strong>Elementos calefactores\u00a0<\/strong>blindados en Acero Inoxidable montados al aire en c\u00e1mara independiente que permiten obtener una distribuci\u00f3n uniforme de la temperatura y una r\u00e1pida estabilizaci\u00f3n.<\/p>\n","protected":false},"excerpt":{"rendered":"<ul>\n<li>Rangos de temperaturas desde Temperatura Ambiente + 5\u00baC hasta 200\u00baC.<\/li>\n<li>Precisi\u00f3n +\/- 0.1\u00b0C.<\/li>\n<li>Indicadores lum\u00ednicos de funcionamiento.<\/li>\n<li>Interruptor de corte de funcionamiento.<\/li>\n<li>Puerta Simple Ciega (cierre con traba y burlete siliconado en el contramarco).<\/li>\n<li>Termorregulador Electr\u00f3nico Digital PID.<\/li>\n<li>Term\u00f3metro y Timer incorporado al termorregulador.<\/li>\n<li>Incluye Porta term\u00f3metro.<\/li>\n<\/ul>\n","protected":false},"featured_media":399,"template":"","meta":[],"product_brand":[],"product_cat":[19],"product_tag":[],"class_list":{"0":"post-398","1":"product","2":"type-product","3":"status-publish","4":"has-post-thumbnail","6":"product_cat-secado-esterilizacion","8":"first","9":"instock","10":"featured","11":"shipping-taxable","12":"product-type-simple"},"_links":{"self":[{"href":"https:\/\/ojalvosa.com.ar\/web\/wp-json\/wp\/v2\/product\/398","targetHints":{"allow":["GET"]}}],"collection":[{"href":"https:\/\/ojalvosa.com.ar\/web\/wp-json\/wp\/v2\/product"}],"about":[{"href":"https:\/\/ojalvosa.com.ar\/web\/wp-json\/wp\/v2\/types\/product"}],"wp:featuredmedia":[{"embeddable":true,"href":"https:\/\/ojalvosa.com.ar\/web\/wp-json\/wp\/v2\/media\/399"}],"wp:attachment":[{"href":"https:\/\/ojalvosa.com.ar\/web\/wp-json\/wp\/v2\/media?parent=398"}],"wp:term":[{"taxonomy":"product_brand","embeddable":true,"href":"https:\/\/ojalvosa.com.ar\/web\/wp-json\/wp\/v2\/product_brand?post=398"},{"taxonomy":"product_cat","embeddable":true,"href":"https:\/\/ojalvosa.com.ar\/web\/wp-json\/wp\/v2\/product_cat?post=398"},{"taxonomy":"product_tag","embeddable":true,"href":"https:\/\/ojalvosa.com.ar\/web\/wp-json\/wp\/v2\/product_tag?post=398"}],"curies":[{"name":"wp","href":"https:\/\/api.w.org\/{rel}","templated":true}]}}