{"id":1256,"date":"2024-01-17T15:09:15","date_gmt":"2024-01-17T18:09:15","guid":{"rendered":"https:\/\/ojalvosa.com.ar\/web\/?post_type=product&#038;p=1256"},"modified":"2024-01-26T15:01:46","modified_gmt":"2024-01-26T18:01:46","slug":"da997-26-estantes-muy-grande","status":"publish","type":"product","link":"https:\/\/ojalvosa.com.ar\/web\/product\/da997-26-estantes-muy-grande\/","title":{"rendered":"DA997 &#8211; 26 estantes (muy grande)"},"content":{"rendered":"<table border=\"0\" width=\"100%\" cellpadding=\"0\">\n<tbody>\n<tr>\n<th scope=\"col\" align=\"left\" width=\"50%\">\n<h3><strong>DESHIDRATADOR MODELO DA997<\/strong><\/h3>\n<\/th>\n<th scope=\"col\" align=\"left\" width=\"50%\"><a rel=\"noopener noreferrer\" href=\"https:\/\/ojalvosa.com.ar\/web\/wp-content\/uploads\/2024\/01\/DESHIDRATADOR-DA997-26-Estantes-1.pdf\" target=\"_blank\" class=\"button secondary is-secondary is-medium\"  >\n    <span>Descargar Cat\u00e1logo<\/span>\n  <\/a>\n<\/th>\n<\/tr>\n<\/tbody>\n<\/table>\n<p><strong>Sistema de Circulaci\u00f3n de aire forzado.<\/strong><\/p>\n<p>Sistema de circulaci\u00f3n de aireaci\u00f3n forzada simple y efectivo que fluye en forma lineal a trav\u00e9s del equipo tomando el aire por succi\u00f3n e impuls\u00e1ndolo con h\u00e9lices de 40cm hacia las resistencias blindadas para luego ingresar a la c\u00e1mara a temperaturas acordes al proceso de deshidrataci\u00f3n (programadas seg\u00fan las necesidades).<\/p>\n<p>Todos los elementos tanto mec\u00e1nicos como el\u00e9ctricos est\u00e1n adecuados para el uso a las temperaturas previstas en este equipo adem\u00e1s de contar con sistema que <strong>permite controlar la velocidad de circulaci\u00f3n y extracci\u00f3n del aire, desde 50% a 100%.<\/strong><\/p>\n<table border=\"0\" width=\"100%\" cellpadding=\"0\">\n<tbody>\n<tr>\n<th style=\"padding: 10px;\" colspan=\"2\" scope=\"col\" align=\"left\" bgcolor=\"#114174\"><strong style=\"color: #fff;\">CARACTER\u00cdSTICAS T\u00c9CNICAS SEG\u00daN TAMA\u00d1O<\/strong><\/th>\n<\/tr>\n<tr>\n<td style=\"padding: 10px;\"><strong>DA343 \u2013 8 estantes (chico)<\/strong>\n<ul>\n<li><strong>Medidas Internas:<\/strong>\u00a040 x 40 x 30 cm - Alto x Ancho x Profundidad<\/li>\n<li><strong>Medidas Externas:\u00a0<\/strong>56 x 82 x 40 cm \u2013 Alto x Ancho x Profundidad<\/li>\n<li><strong>Capacidad:<\/strong> 0,96 m\u00b2<\/li>\n<li><strong>Estantes:<\/strong> 8<\/li>\n<li><strong>Peso:<\/strong>\u00a048 Kg<\/li>\n<li><strong>Potencia:\u00a0<\/strong>1300 W<\/li>\n<li><strong>Consumo: <\/strong>0,42 KW\/h<\/li>\n<\/ul>\n<\/td>\n<td style=\"padding: 10px;\"><strong>DA464 \u2013 10 estantes (mediano chico)<\/strong>\n<ul>\n<li><strong>Medidas Internas:\u00a0<\/strong>50 x 60 x 40 cm - Alto x Ancho x Profundidad<\/li>\n<li><strong>Medidas Externas:\u00a0<\/strong>66 x 100 x 50 cm \u2013 Alto x Ancho x Profundidad<\/li>\n<li><strong>Capacidad:\u00a0<\/strong>2,4 m\u00b2<\/li>\n<li><strong>Estantes: <\/strong>10<\/li>\n<li><strong>Peso<\/strong>: 67 Kg<\/li>\n<li><strong>Potencia:\u00a0<\/strong>1600 W<\/li>\n<li><strong>Consumo: <\/strong>0,5 KW\/h<\/li>\n<\/ul>\n<\/td>\n<\/tr>\n<tr>\n<td style=\"padding: 10px;\"><strong>DA575 \u2013 12 estantes (mediano grande)<\/strong>\n<ul>\n<li><strong>Medidas Internas:\u00a0<\/strong>65 x 70 x 70 cm - Alto x Ancho x Profundidad<\/li>\n<li><strong>Medidas Externas:\u00a0<\/strong>82 x 112 x 82 cm \u2013 Alto x Ancho x Profundidad<\/li>\n<li><strong>Capacidad: <\/strong>5,9 m\u00b2<\/li>\n<li><strong>Estantes: <\/strong>12<\/li>\n<li><strong>Peso:\u00a0<\/strong>85 Kg<\/li>\n<li><strong>Potencia:\u00a0<\/strong>2000 W<\/li>\n<li><strong>Consumo: <\/strong>0,65 KW\/h<\/li>\n<\/ul>\n<\/td>\n<td style=\"padding: 10px;\"><strong>DA797 \u2013 18 estantes (grande)<\/strong>\n<ul>\n<li><strong>Medidas Internas:<\/strong> 90 x 70 x 70 cm \u2013 Alto x Ancho x Profundidad<\/li>\n<li><strong>Medidas Externas:\u00a0<\/strong>125 x 112 x 82 cm \u2013 Alto x Ancho x Profundidad<\/li>\n<li><strong>Capacidad:<\/strong>\u00a08,82 m\u00b2<\/li>\n<li><strong>Estantes:<\/strong> 18<\/li>\n<li><strong>Peso:<\/strong>\u00a0125 Kg<\/li>\n<li><strong>Potencia:\u00a0<\/strong>2200 W<\/li>\n<li><strong>Consumo: <\/strong>2,38 KW\/h<\/li>\n<\/ul>\n<\/td>\n<\/tr>\n<tr>\n<td style=\"padding: 10px;\"><strong>DA997 \u2013 26 estantes (muy grande)<\/strong>\n<ul>\n<li><strong>Medidas Internas: <\/strong>128 x 70 x 70 cm - Alto x Ancho x Profundidad<\/li>\n<li><strong>Medidas Externas:\u00a0<\/strong>142 x 112 x 82 cm \u2013 Alto x Ancho x Profundidad<\/li>\n<li><strong>Capacidad: <\/strong>12,74 m<sup>2<\/sup><\/li>\n<li><strong>Estantes: <\/strong>26<\/li>\n<li><strong>Peso: <\/strong>135 Kg<\/li>\n<li><strong>Potencia:\u00a0<\/strong>3800 W<\/li>\n<li><strong>Consumo:<\/strong> 2,85Kw\/h<\/li>\n<\/ul>\n<\/td>\n<td style=\"padding: 10px;\"><strong>CDA02 \u2013 52 estantes<\/strong>\n    <ul>\n    <li><strong>Medidas Internas: <\/strong>138 x 70 x 157 cm \u2013 Alto x Ancho x Profundidad<\/li>\n    <li><strong>Medidas Externas:\u00a0<\/strong>144 x 135 x 165 cm \u2013 Alto x Ancho x Profundidad<\/li>\n    <li><strong>Capacidad: <\/strong>25,48 m<sup>2<\/sup><\/li>\n    <li><strong>Estantes: <\/strong>52<\/li>\n    <li><strong>Peso: <\/strong>340 Kg<\/li>\n    <li><strong>Potencia:\u00a0<\/strong>7200 W<\/li>\n    <li><strong>Consumo:<\/strong> 5,4Kw\/h<\/li>\n    <li>2 carros porta estantes de 26 estantes por cada carro<\/li>\n    <\/ul>\n    <\/td>\n<\/tr>\n\n<\/tbody>\n<\/table>\n<p><strong>Gabinete Externo:\u00a0<\/strong><\/p>\n<p>Chapa Hierro Doble Decapado de importante espesor (muy s\u00f3lido) con tratamiento anticorrosivo y antioxidante, esmaltado con pintura poli\u00e9ster en polvo con resina antibacterial (Norma ISO 14001 de gesti\u00f3n ambiental).<br \/>\nGabinetes dotados con c\u00e1mara independiente, dimensionada para facilitar el montaje de todo tipo de instrumentos para la regulaci\u00f3n y control.<br \/>\nAdmisi\u00f3n de aire exterior regulable a trav\u00e9s de trampilla de ventilaci\u00f3n con conducto de salida.<\/p>\n<p><strong>C\u00e1mara Interna:<\/strong><\/p>\n<p>Chapa acero inoxidable 18\/8 \u2013 AISI 430 de importante espesor (muy s\u00f3lido).<br \/>\n\u00danico, sistema de doble pared interior permite homogeneizar y estabilizar m\u00e1s r\u00e1pidamente la c\u00e1mara de trabajo por el precalentamiento del aire.<br \/>\nC\u00e1mara de precalentamiento en acero inoxidable AISI 430<br \/>\nElementos calefactores blindados en acero inoxidable, distribuidos homog\u00e9neamente y montados al aire<\/p>\n<p>Excelente\u00a0<strong>sistema de aislamiento<\/strong>\u00a0que permite lograr una \u00f3ptima relaci\u00f3n entre capacidad calor\u00edfica y consumo, limitando como ninguna otra la temperatura externa del equipo.<\/p>\n<p>Sistema conformado por:<\/p>\n<ul>\n<li>Lana mineral de alta densidad<\/li>\n<li>C\u00e1mara de aire<\/li>\n<li>Burlete siliconado con dispositivo flexible que aporta elasticidad en el ajuste de la contrapuerta.<\/li>\n<li>Puerta con traba permite el cierre herm\u00e9tico.<\/li>\n<\/ul>\n<p>El<strong>\u00a0Sistema el\u00e9ctrico\u00a0<\/strong>cumple con los est\u00e1ndares exigidos por las normas IEC 60335 e IRAM 2092<\/p>\n<p><strong>Elementos calefactores<\/strong>\u00a0blindados en Acero Inoxidable montados al aire en c\u00e1mara independiente que permiten obtener una distribuci\u00f3n uniforme de la temperatura y una r\u00e1pida estabilizaci\u00f3n.<\/p>\n<p><strong>Viene provista con estantes especiales<\/strong>\u00a0con cuerpos de poli\u00e9ster, f\u00e1cilmente lavables para ser limpiados y secados entre trabajo y trabajo<\/p>\n<p><strong>Caracter\u00edsticas T\u00e9cnicas:<\/strong><\/p>\n<ul>\n<li>Rangos de temperaturas desde ambiente hasta 120\u00b0C.<\/li>\n<li>Termorregulador electr\u00f3nico digital.<\/li>\n<li>Precisi\u00f3n: +\/- 0.5 \u00b0 C<sup>\u2219<\/sup>en el sensor. Estimada 1.5 del valor final de T\u00ba.<\/li>\n<li>Capacidad para 26 estantes<\/li>\n<li>Puerta Simple Ciega (cierre con traba y burlete siliconado en el contramarco).<\/li>\n<li>Term\u00f3metro y timer de hasta 7 d\u00edas, incorporado al termorregulador<\/li>\n<li>Extractor de Humedad.<\/li>\n<li>Interruptor de corte de funcionamiento.<\/li>\n<li>Indicador lum\u00ednico de funcionamiento.<\/li>\n<\/ul>\n","protected":false},"excerpt":{"rendered":"<ul>\n<li><strong>Medidas Internas: <\/strong>128 x 70 x 70 cm &#8211; Alto x Ancho x Profundidad<\/li>\n<li><strong>Medidas Externas:\u00a0<\/strong>142 x 112 x 82 cm \u2013 Alto x Ancho x Profundidad<\/li>\n<li><strong>Capacidad: <\/strong>12,74 m<sup>2<\/sup><\/li>\n<li><strong>Estantes: <\/strong>26 estantes<\/li>\n<li><strong>Peso: <\/strong>135 Kg<\/li>\n<li><strong>Potencia:\u00a0<\/strong>3800 W<\/li>\n<li><strong>Consumo:<\/strong> 2,85Kw\/h<\/li>\n<\/ul>\n","protected":false},"featured_media":1282,"template":"","meta":[],"product_brand":[],"product_cat":[25],"product_tag":[],"class_list":{"0":"post-1256","1":"product","2":"type-product","3":"status-publish","4":"has-post-thumbnail","6":"product_cat-deshidratadores-industriales-de-alimentos","8":"first","9":"instock","10":"featured","11":"shipping-taxable","12":"product-type-simple"},"_links":{"self":[{"href":"https:\/\/ojalvosa.com.ar\/web\/wp-json\/wp\/v2\/product\/1256","targetHints":{"allow":["GET"]}}],"collection":[{"href":"https:\/\/ojalvosa.com.ar\/web\/wp-json\/wp\/v2\/product"}],"about":[{"href":"https:\/\/ojalvosa.com.ar\/web\/wp-json\/wp\/v2\/types\/product"}],"wp:featuredmedia":[{"embeddable":true,"href":"https:\/\/ojalvosa.com.ar\/web\/wp-json\/wp\/v2\/media\/1282"}],"wp:attachment":[{"href":"https:\/\/ojalvosa.com.ar\/web\/wp-json\/wp\/v2\/media?parent=1256"}],"wp:term":[{"taxonomy":"product_brand","embeddable":true,"href":"https:\/\/ojalvosa.com.ar\/web\/wp-json\/wp\/v2\/product_brand?post=1256"},{"taxonomy":"product_cat","embeddable":true,"href":"https:\/\/ojalvosa.com.ar\/web\/wp-json\/wp\/v2\/product_cat?post=1256"},{"taxonomy":"product_tag","embeddable":true,"href":"https:\/\/ojalvosa.com.ar\/web\/wp-json\/wp\/v2\/product_tag?post=1256"}],"curies":[{"name":"wp","href":"https:\/\/api.w.org\/{rel}","templated":true}]}}